{"id":16,"date":"2023-03-27T13:30:43","date_gmt":"2023-03-27T11:30:43","guid":{"rendered":"http:\/\/harmonisezvous.site\/?page_id=16"},"modified":"2023-05-15T21:55:24","modified_gmt":"2023-05-15T19:55:24","slug":"therapeute-individuelle-familiale-a-montpellier","status":"publish","type":"page","link":"https:\/\/harmonisezvous.site\/?page_id=16","title":{"rendered":"Th\u00e9rapeute Individuelle &amp; Familiale \u00e0 Montpellier"},"content":{"rendered":"\n<div class=\"wp-block-columns is-layout-flex wp-container-core-columns-is-layout-9d6595d7 wp-block-columns-is-layout-flex\">\n<div class=\"wp-block-column is-layout-flow wp-block-column-is-layout-flow\" style=\"flex-basis:100%\">\n<div class=\"wp-block-group\"><div class=\"wp-block-group__inner-container is-layout-constrained wp-block-group-is-layout-constrained\">\n<div class=\"wp-block-columns is-layout-flex wp-container-core-columns-is-layout-9d6595d7 wp-block-columns-is-layout-flex\">\n<div class=\"wp-block-column is-layout-flow wp-block-column-is-layout-flow\">\n<figure class=\"wp-block-image size-full\"><img loading=\"lazy\" decoding=\"async\" width=\"409\" height=\"477\" src=\"http:\/\/harmonisezvous.site\/wp-content\/uploads\/2023\/03\/Harmony-DELMAS.png\" alt=\"\" class=\"wp-image-17\" srcset=\"https:\/\/harmonisezvous.site\/wp-content\/uploads\/2023\/03\/Harmony-DELMAS.png 409w, https:\/\/harmonisezvous.site\/wp-content\/uploads\/2023\/03\/Harmony-DELMAS-257x300.png 257w\" sizes=\"auto, (max-width: 409px) 100vw, 409px\" \/><\/figure>\n<\/div>\n\n\n\n<div class=\"wp-block-column is-layout-flow wp-block-column-is-layout-flow\">\n<h2 class=\"wp-block-heading\">CONSULTEZ UNE TH\u00c9RAPEUTE DANS L\u2019H\u00c9RAULT&nbsp;<\/h2>\n\n\n\n<p class=\"has-text-align-left\">Tout commence par ce pr\u00e9nom qui invite \u00e0 apaiser ce qui doit l&#8217;\u00eatre et donne une direction \u00e0 suivre.&nbsp;Le chemin se poursuit au sein d&#8217;une association dans le 34, d&#8217;\u00e9coute et d&#8217;animation aupr\u00e8s de personnes isol\u00e9es et fragiles, qui m&#8217;a r\u00e9v\u00e9l\u00e9 \u00e0 moi-m\u00eame ce besoin d&#8217;accompagner autrui avec bienveillance.&nbsp;<\/p>\n\n\n\n<p>Il y a plus de 10 ans je remettais en question le destin tout trac\u00e9 par la loyaut\u00e9 parentale, \u00e0 travers une analyse personnelle et je commen\u00e7ais ainsi \u00e0 marcher sur le chemin choisi par mon \u00e2me.<\/p>\n\n\n\n<p>Cette introspection personnelle a tellement eu de cons\u00e9quences positives sur ma vie, que je n&#8217;ai pas h\u00e9sit\u00e9 une seconde, \u00e0 commencer une \u00e9tude dans une \u00c9cole Internationale de Psychanalyse Appliqu\u00e9e&nbsp;puis d&#8217;autres, en&nbsp;Hypnose&nbsp;Ericksonienne, Th\u00e9rapie&nbsp;Quantique et Mouvements Oculaires Th\u00e9rapeutiques.<\/p>\n\n\n\n<p>Aujourd&#8217;hui je me&nbsp;d\u00e9finis&nbsp;comme&nbsp;une Th\u00e9rapeute alternative, une chercheuse de Bonheur car je suis nourrie par ce m\u00e9tier que j&#8217;apprivoise et d\u00e9veloppe au quotidien.&nbsp;On peut \u00e9galement dire que je suis une Psy nouvelle g\u00e9n\u00e9ration puisqu&#8217;il m&#8217;arrive d&#8217;utiliser&nbsp;mes notions&nbsp;en Spiritualit\u00e9, Num\u00e9rologie, Chamanisme, Th\u00e9rapie Transpersonnelle, ou Astrologie \u00e9tant donn\u00e9 que toutes ces techniques sont compl\u00e9mentaires en d\u00e9veloppement personnel.<\/p>\n\n\n\n<p>Apr\u00e8s \u00eatre all\u00e9e au fond de moi-m\u00eame en analyse personnelle puis didactique et actuellement sous supervision professionnelle, j&#8217;accompagne aujourd&#8217;hui mes patients dans la recherche de leur &#8220;moi&#8221; profond.<\/p>\n\n\n\n<p>J&#8217;accueille au cabinet les enfants, les adolescents et les adultes en Th\u00e9rapie individuelle. Mais aussi les couples, les familles et derni\u00e8rement les groupes. J&#8217;organise des Journ\u00e9es d&#8217;\u00e9panouissement en pleine nature et des Groupes de paroles qui s&#8217;adressent \u00e0 l&#8217;adolescent et sa sexualit\u00e9 mais aussi aux hommes. Ainsi que des Cercles de femmes, et des Speed dating pour c\u00e9libataires.<\/p>\n\n\n\n<p>L&#8217;id\u00e9e est d&#8217;\u00e9veiller l&#8217;humain, le &#8220;r\u00e9v&#8217;ail\u00e9s&#8221; \u00e0 lui-m\u00eame en toute bienveillance port\u00e9e par un vent de libert\u00e9.&nbsp;<\/p>\n<\/div>\n<\/div>\n<\/div><\/div>\n<\/div>\n<\/div>\n\n\n\n<div class=\"wp-block-group alignfull has-background\" style=\"background-color:#f8f4e4\"><div class=\"wp-block-group__inner-container is-layout-flow wp-block-group-is-layout-flow\">\n<div class=\"wp-block-columns alignwide is-layout-flex wp-container-core-columns-is-layout-9d6595d7 wp-block-columns-is-layout-flex\">\n<div class=\"wp-block-column is-layout-flow wp-block-column-is-layout-flow\">\n<div style=\"height:100px\" aria-hidden=\"true\" class=\"wp-block-spacer\"><\/div>\n\n\n\n<h6 class=\"wp-block-heading has-text-color\" id=\"ecosystem\" style=\"color:#000000\">\u00c9COSYST\u00c8ME<\/h6>\n\n\n\n<p class=\"has-text-color\" style=\"color:#000000;font-size:5vw;line-height:1.1\"><strong>Th\u00e9rapeute Individuelle &amp; Familiale \u00e0 Montpellier<\/strong><\/p>\n\n\n\n<div style=\"height:5px\" aria-hidden=\"true\" class=\"wp-block-spacer\"><\/div>\n<\/div>\n<\/div>\n\n\n\n<div class=\"wp-block-columns alignwide is-layout-flex wp-container-core-columns-is-layout-9d6595d7 wp-block-columns-is-layout-flex\">\n<div class=\"wp-block-column is-layout-flow wp-block-column-is-layout-flow\" style=\"flex-basis:33%\">\n<div style=\"height:100px\" aria-hidden=\"true\" class=\"wp-block-spacer\"><\/div>\n\n\n\n<figure class=\"wp-block-image size-full\"><img loading=\"lazy\" decoding=\"async\" width=\"409\" height=\"477\" src=\"http:\/\/harmonisezvous.site\/wp-content\/uploads\/2023\/03\/Harmony-DELMAS-1.png\" alt=\"\" class=\"wp-image-22\" srcset=\"https:\/\/harmonisezvous.site\/wp-content\/uploads\/2023\/03\/Harmony-DELMAS-1.png 409w, https:\/\/harmonisezvous.site\/wp-content\/uploads\/2023\/03\/Harmony-DELMAS-1-257x300.png 257w\" sizes=\"auto, (max-width: 409px) 100vw, 409px\" \/><\/figure>\n<\/div>\n\n\n\n<div class=\"wp-block-column is-layout-flow wp-block-column-is-layout-flow\" style=\"flex-basis:66%\">\n<h2 class=\"wp-block-heading\">CONSULTEZ UNE TH\u00c9RAPEUTE DANS L\u2019H\u00c9RAULT<\/h2>\n\n\n\n<p>Tout commence par ce pr\u00e9nom qui invite \u00e0 apaiser ce qui doit l&#8217;\u00eatre et donne une direction \u00e0 suivre.\u00a0Le chemin se poursuit au sein d&#8217;une association dans le 34, d&#8217;\u00e9coute et d&#8217;animation aupr\u00e8s de personnes isol\u00e9es et fragiles, qui m&#8217;a r\u00e9v\u00e9l\u00e9 \u00e0 moi-m\u00eame ce besoin d&#8217;accompagner autrui avec bienveillance.\u00a0<\/p>\n\n\n\n<p>Il y a plus de 10 ans je remettais en question le destin tout trac\u00e9 par la loyaut\u00e9 parentale, \u00e0 travers une analyse personnelle et je commen\u00e7ais ainsi \u00e0 marcher sur le chemin choisi par mon \u00e2me.<\/p>\n\n\n\n<p>Cette introspection personnelle a tellement eu de cons\u00e9quences positives sur ma vie, que je n&#8217;ai pas h\u00e9sit\u00e9 une seconde, \u00e0 commencer une \u00e9tude dans une \u00c9cole Internationale de Psychanalyse Appliqu\u00e9e&nbsp;puis d&#8217;autres, en&nbsp;Hypnose&nbsp;Ericksonienne, Th\u00e9rapie&nbsp;Quantique et Mouvements Oculaires Th\u00e9rapeutiques.<\/p>\n\n\n\n<p>Aujourd&#8217;hui je me&nbsp;d\u00e9finis&nbsp;comme&nbsp;une Th\u00e9rapeute alternative, une chercheuse de Bonheur car je suis nourrie par ce m\u00e9tier que j&#8217;apprivoise et d\u00e9veloppe au quotidien.&nbsp;On peut \u00e9galement dire que je suis une Psy nouvelle g\u00e9n\u00e9ration puisqu&#8217;il m&#8217;arrive d&#8217;utiliser&nbsp;mes notions&nbsp;en Spiritualit\u00e9, Num\u00e9rologie, Chamanisme, Th\u00e9rapie Transpersonnelle, ou Astrologie \u00e9tant donn\u00e9 que toutes ces techniques sont compl\u00e9mentaires en d\u00e9veloppement personnel.<\/p>\n\n\n\n<p>Apr\u00e8s \u00eatre all\u00e9e au fond de moi-m\u00eame en analyse personnelle puis didactique et actuellement sous supervision professionnelle, j&#8217;accompagne aujourd&#8217;hui mes patients dans la recherche de leur &#8220;moi&#8221; profond.<\/p>\n\n\n\n<p>J&#8217;accueille au cabinet les enfants, les adolescents et les adultes en Th\u00e9rapie individuelle. Mais aussi les couples, les familles et derni\u00e8rement les groupes. J&#8217;organise des Journ\u00e9es d&#8217;\u00e9panouissement en pleine nature et des Groupes de paroles qui s&#8217;adressent \u00e0 l&#8217;adolescent et sa sexualit\u00e9 mais aussi aux hommes. Ainsi que des Cercles de femmes, et des Speed dating pour c\u00e9libataires.<\/p>\n\n\n\n<p>L&#8217;id\u00e9e est d&#8217;\u00e9veiller l&#8217;humain, le &#8220;r\u00e9v&#8217;ail\u00e9s&#8221; \u00e0 lui-m\u00eame en toute bienveillance port\u00e9e par un vent de libert\u00e9.<\/p>\n<\/div>\n<\/div>\n<\/div><\/div>\n\n\n\n<div class=\"wp-block-group alignfull has-background\" style=\"background-color:#f8f4e4\"><div class=\"wp-block-group__inner-container is-layout-flow wp-block-group-is-layout-flow\">\n<div class=\"wp-block-columns alignwide is-layout-flex wp-container-core-columns-is-layout-9d6595d7 wp-block-columns-is-layout-flex\">\n<div class=\"wp-block-column is-layout-flow wp-block-column-is-layout-flow\">\n<div style=\"height:100px\" aria-hidden=\"true\" class=\"wp-block-spacer\"><\/div>\n\n\n\n<h6 class=\"wp-block-heading has-text-color\" id=\"ecosystem\" style=\"color:#000000\">\u00c9COSYST\u00c8ME<\/h6>\n\n\n\n<p class=\"has-text-color\" style=\"color:#000000;font-size:5vw;line-height:1.1\"><strong>Croissance positive.<\/strong><\/p>\n\n\n\n<div style=\"height:5px\" aria-hidden=\"true\" class=\"wp-block-spacer\"><\/div>\n<\/div>\n<\/div>\n\n\n\n<div class=\"wp-block-columns alignwide is-layout-flex wp-container-core-columns-is-layout-9d6595d7 wp-block-columns-is-layout-flex\">\n<div class=\"wp-block-column is-layout-flow wp-block-column-is-layout-flow\" style=\"flex-basis:33.38%\">\n<p class=\"has-text-color has-extra-small-font-size\" style=\"color:#000000\"><em>La Nature<\/em>, dans le sens courant, d\u00e9signe les essences inchang\u00e9es par l\u2019homme&nbsp;; l\u2019espace, l\u2019air, le fleuve, la feuille.&nbsp;<em>L\u2019Art<\/em>&nbsp;s\u2019applique au m\u00e9lange de sa volont\u00e9 avec les m\u00eames choses, comme dans une maison, un canal, une statue, un tableau. Mais ses op\u00e9rations prises ensemble sont si insignifiantes, un peu d\u2019\u00e9caillage, de cuisson, de rapi\u00e9\u00e7age, de lavage, que dans une impression aussi grandiose que celle du monde sur l\u2019esprit humain, elles ne changent pas le r\u00e9sultat.<\/p>\n<\/div>\n\n\n\n<div class=\"wp-block-column is-layout-flow wp-block-column-is-layout-flow\" style=\"flex-basis:33%\">\n<div style=\"height:100px\" aria-hidden=\"true\" class=\"wp-block-spacer\"><\/div>\n\n\n\n<figure class=\"wp-block-image size-large\"><img decoding=\"async\" src=\"https:\/\/s.w.org\/images\/core\/5.8\/outside-01.jpg\" alt=\"Le soleil se couchant derri\u00e8re une for\u00eat dense.\"\/><\/figure>\n<\/div>\n\n\n\n<div class=\"wp-block-column is-layout-flow wp-block-column-is-layout-flow\" style=\"flex-basis:33.62%\">\n<figure class=\"wp-block-image size-large\"><img decoding=\"async\" src=\"https:\/\/s.w.org\/images\/core\/5.8\/outside-02.jpg\" alt=\"Des \u00e9oliennes se tiennent sur une plaine herbeuse, avec un ciel bleu en arri\u00e8re-plan.\"\/><\/figure>\n<\/div>\n<\/div>\n\n\n\n<div class=\"wp-block-columns alignwide is-layout-flex wp-container-core-columns-is-layout-9d6595d7 wp-block-columns-is-layout-flex\">\n<div class=\"wp-block-column is-layout-flow wp-block-column-is-layout-flow\" style=\"flex-basis:67%\"><div class=\"wp-block-image\">\n<figure class=\"alignright size-large\"><img decoding=\"async\" src=\"https:\/\/s.w.org\/images\/core\/5.8\/outside-03.jpg\" alt=\"Le soleil brille au dessus d\u2019une cr\u00eate donnant sur le bord de mer. Plus loin, une voiture est visible.\"\/><\/figure>\n<\/div><\/div>\n\n\n\n<div class=\"wp-block-column is-vertically-aligned-center is-layout-flow wp-block-column-is-layout-flow\" style=\"flex-basis:33%\">\n<p class=\"has-text-color has-extra-small-font-size\" style=\"color:#000000\">Sans doute n\u2019avons-nous pas de questions \u00e0 poser qui soient sans r\u00e9ponse. Nous devons faire confiance \u00e0 la perfection de la cr\u00e9ation au point de croire que, quelle que soit la curiosit\u00e9 que l\u2019ordre des choses a \u00e9veill\u00e9e dans notre esprit, l\u2019ordre des choses peut la satisfaire. La condition de chaque homme est une solution en hi\u00e9roglyphes aux questions qu\u2019il poserait.<\/p>\n<\/div>\n<\/div>\n<\/div><\/div>\n\n\n\n<div class=\"wp-block-group alignfull has-background\" style=\"background-color:#f8f4e4\"><div class=\"wp-block-group__inner-container is-layout-flow wp-block-group-is-layout-flow\">\n<div class=\"wp-block-columns alignwide is-layout-flex wp-container-core-columns-is-layout-9d6595d7 wp-block-columns-is-layout-flex\">\n<div class=\"wp-block-column is-layout-flow wp-block-column-is-layout-flow\">\n<div style=\"height:100px\" aria-hidden=\"true\" class=\"wp-block-spacer\"><\/div>\n\n\n\n<h6 class=\"wp-block-heading has-text-color\" id=\"ecosystem\" style=\"color:#000000\">\u00c9COSYST\u00c8ME<\/h6>\n\n\n\n<p class=\"has-text-color\" style=\"color:#000000;font-size:5vw;line-height:1.1\"><strong>Croissance positive.<\/strong><\/p>\n\n\n\n<div style=\"height:5px\" aria-hidden=\"true\" class=\"wp-block-spacer\"><\/div>\n<\/div>\n<\/div>\n\n\n\n<div class=\"wp-block-columns alignwide is-layout-flex wp-container-core-columns-is-layout-9d6595d7 wp-block-columns-is-layout-flex\">\n<div class=\"wp-block-column is-layout-flow wp-block-column-is-layout-flow\" style=\"flex-basis:33.38%\">\n<p class=\"has-text-color has-extra-small-font-size\" style=\"color:#000000\"><em>La Nature<\/em>, dans le sens courant, d\u00e9signe les essences inchang\u00e9es par l\u2019homme&nbsp;; l\u2019espace, l\u2019air, le fleuve, la feuille.&nbsp;<em>L\u2019Art<\/em>&nbsp;s\u2019applique au m\u00e9lange de sa volont\u00e9 avec les m\u00eames choses, comme dans une maison, un canal, une statue, un tableau. Mais ses op\u00e9rations prises ensemble sont si insignifiantes, un peu d\u2019\u00e9caillage, de cuisson, de rapi\u00e9\u00e7age, de lavage, que dans une impression aussi grandiose que celle du monde sur l\u2019esprit humain, elles ne changent pas le r\u00e9sultat.<\/p>\n<\/div>\n\n\n\n<div class=\"wp-block-column is-layout-flow wp-block-column-is-layout-flow\" style=\"flex-basis:33%\">\n<div style=\"height:100px\" aria-hidden=\"true\" class=\"wp-block-spacer\"><\/div>\n\n\n\n<figure class=\"wp-block-image size-large\"><img decoding=\"async\" src=\"https:\/\/s.w.org\/images\/core\/5.8\/outside-01.jpg\" alt=\"Le soleil se couchant derri\u00e8re une for\u00eat dense.\"\/><\/figure>\n<\/div>\n\n\n\n<div class=\"wp-block-column is-layout-flow wp-block-column-is-layout-flow\" style=\"flex-basis:33.62%\">\n<figure class=\"wp-block-image size-large\"><img decoding=\"async\" src=\"https:\/\/s.w.org\/images\/core\/5.8\/outside-02.jpg\" alt=\"Des \u00e9oliennes se tiennent sur une plaine herbeuse, avec un ciel bleu en arri\u00e8re-plan.\"\/><\/figure>\n<\/div>\n<\/div>\n\n\n\n<div class=\"wp-block-columns alignwide is-layout-flex wp-container-core-columns-is-layout-9d6595d7 wp-block-columns-is-layout-flex\">\n<div class=\"wp-block-column is-layout-flow wp-block-column-is-layout-flow\" style=\"flex-basis:67%\"><div class=\"wp-block-image\">\n<figure class=\"alignright size-large\"><img decoding=\"async\" src=\"https:\/\/s.w.org\/images\/core\/5.8\/outside-03.jpg\" alt=\"Le soleil brille au dessus d\u2019une cr\u00eate donnant sur le bord de mer. Plus loin, une voiture est visible.\"\/><\/figure>\n<\/div><\/div>\n\n\n\n<div class=\"wp-block-column is-vertically-aligned-center is-layout-flow wp-block-column-is-layout-flow\" style=\"flex-basis:33%\">\n<p class=\"has-text-color has-extra-small-font-size\" style=\"color:#000000\">Sans doute n\u2019avons-nous pas de questions \u00e0 poser qui soient sans r\u00e9ponse. Nous devons faire confiance \u00e0 la perfection de la cr\u00e9ation au point de croire que, quelle que soit la curiosit\u00e9 que l\u2019ordre des choses a \u00e9veill\u00e9e dans notre esprit, l\u2019ordre des choses peut la satisfaire. La condition de chaque homme est une solution en hi\u00e9roglyphes aux questions qu\u2019il poserait.<\/p>\n<\/div>\n<\/div>\n<\/div><\/div>\n","protected":false},"excerpt":{"rendered":"<p>CONSULTEZ UNE TH\u00c9RAPEUTE DANS L\u2019H\u00c9RAULT&nbsp; Tout commence par ce pr\u00e9nom qui invite \u00e0 apaiser ce qui doit l&#8217;\u00eatre et donne une direction \u00e0 suivre.&nbsp;Le chemin se poursuit au sein d&#8217;une association dans le 34, d&#8217;\u00e9coute et d&#8217;animation aupr\u00e8s de personnes isol\u00e9es et fragiles, qui m&#8217;a r\u00e9v\u00e9l\u00e9 \u00e0 moi-m\u00eame ce besoin d&#8217;accompagner autrui avec bienveillance.&nbsp; Il &hellip; <\/p>\n<p class=\"link-more\"><a href=\"https:\/\/harmonisezvous.site\/?page_id=16\" class=\"more-link\">Read more<span class=\"screen-reader-text\"> &#8220;Th\u00e9rapeute Individuelle &amp; Familiale \u00e0 Montpellier&#8221;<\/span><\/a><\/p>\n","protected":false},"author":2,"featured_media":0,"parent":0,"menu_order":0,"comment_status":"closed","ping_status":"closed","template":"","meta":{"_themeisle_gutenberg_block_has_review":false,"_ti_tpc_template_sync":false,"_ti_tpc_template_id":"","footnotes":""},"class_list":["post-16","page","type-page","status-publish","hentry"],"_links":{"self":[{"href":"https:\/\/harmonisezvous.site\/index.php?rest_route=\/wp\/v2\/pages\/16","targetHints":{"allow":["GET"]}}],"collection":[{"href":"https:\/\/harmonisezvous.site\/index.php?rest_route=\/wp\/v2\/pages"}],"about":[{"href":"https:\/\/harmonisezvous.site\/index.php?rest_route=\/wp\/v2\/types\/page"}],"author":[{"embeddable":true,"href":"https:\/\/harmonisezvous.site\/index.php?rest_route=\/wp\/v2\/users\/2"}],"replies":[{"embeddable":true,"href":"https:\/\/harmonisezvous.site\/index.php?rest_route=%2Fwp%2Fv2%2Fcomments&post=16"}],"version-history":[{"count":5,"href":"https:\/\/harmonisezvous.site\/index.php?rest_route=\/wp\/v2\/pages\/16\/revisions"}],"predecessor-version":[{"id":236,"href":"https:\/\/harmonisezvous.site\/index.php?rest_route=\/wp\/v2\/pages\/16\/revisions\/236"}],"wp:attachment":[{"href":"https:\/\/harmonisezvous.site\/index.php?rest_route=%2Fwp%2Fv2%2Fmedia&parent=16"}],"curies":[{"name":"wp","href":"https:\/\/api.w.org\/{rel}","templated":true}]}}